{"id":51,"date":"2025-12-17T18:18:08","date_gmt":"2025-12-17T18:18:08","guid":{"rendered":"http:\/\/cammatch.net\/?page_id=51"},"modified":"2025-12-18T17:18:04","modified_gmt":"2025-12-18T15:18:04","slug":"rules","status":"publish","type":"page","link":"https:\/\/cammatch.net\/es\/normas\/","title":{"rendered":"Reglas"},"content":{"rendered":"<div data-elementor-type=\"wp-page\" data-elementor-id=\"51\" class=\"elementor elementor-51\" data-elementor-post-type=\"page\">\n\t\t\t\t\t\t<section class=\"elementor-section elementor-top-section elementor-element elementor-element-aa602b1 elementor-section-boxed elementor-section-height-default elementor-section-height-default\" data-id=\"aa602b1\" data-element_type=\"section\" data-e-type=\"section\">\n\t\t\t\t\t\t<div class=\"elementor-container elementor-column-gap-default\">\n\t\t\t\t\t<div class=\"elementor-column elementor-col-100 elementor-top-column elementor-element elementor-element-deb4e48\" data-id=\"deb4e48\" data-element_type=\"column\" data-e-type=\"column\">\n\t\t\t<div class=\"elementor-widget-wrap elementor-element-populated\">\n\t\t\t\t\t\t<div class=\"elementor-element elementor-element-88330ff elementor-widget elementor-widget-heading\" data-id=\"88330ff\" data-element_type=\"widget\" data-e-type=\"widget\" data-widget_type=\"heading.default\">\n\t\t\t\t<div class=\"elementor-widget-container\">\n\t\t\t\t\t<h1 class=\"elementor-heading-title elementor-size-default\">Reglas<\/h1>\t\t\t\t<\/div>\n\t\t\t\t<\/div>\n\t\t\t\t\t<\/div>\n\t\t<\/div>\n\t\t\t\t\t<\/div>\n\t\t<\/section>\n\t\t\t\t<section class=\"elementor-section elementor-top-section elementor-element elementor-element-e61e2e0 elementor-section-boxed elementor-section-height-default elementor-section-height-default\" data-id=\"e61e2e0\" data-element_type=\"section\" data-e-type=\"section\">\n\t\t\t\t\t\t<div class=\"elementor-container elementor-column-gap-default\">\n\t\t\t\t\t<div class=\"elementor-column elementor-col-100 elementor-top-column elementor-element elementor-element-edbd578\" data-id=\"edbd578\" data-element_type=\"column\" data-e-type=\"column\">\n\t\t\t<div class=\"elementor-widget-wrap elementor-element-populated\">\n\t\t\t\t\t\t<div class=\"elementor-element elementor-element-59fb3ca elementor-widget__width-initial elementor-widget elementor-widget-text-editor\" data-id=\"59fb3ca\" data-element_type=\"widget\" data-e-type=\"widget\" data-widget_type=\"text-editor.default\">\n\t\t\t\t<div class=\"elementor-widget-container\">\n\t\t\t\t\t\t\t\t\t<p>\u00a1Bienvenido a CamMatch.net! Nuestra plataforma est\u00e1 dise\u00f1ada para crear un entorno seguro y agradable para que los usuarios participen en chats de v\u00eddeo aleatorios con personas de todo el mundo. Para garantizar una experiencia positiva a todos los usuarios, hemos establecido una serie de normas que describen el comportamiento y la conducta aceptables en nuestra plataforma. Al acceder y usar CamMatch.net, aceptas cumplir estas reglas.<\/p><h3>Sea respetuoso y educado<\/h3><p>Trata a todos los usuarios con respeto y cortes\u00eda, como te gustar\u00eda que te trataran a ti. Entabla conversaciones amistosas y significativas, y abstente de utilizar lenguaje ofensivo, proferir amenazas o participar en actos de acoso o intimidaci\u00f3n.<\/p><h3>Ning\u00fan contenido inapropiado<\/h3><p>Est\u00e1 estrictamente prohibido compartir contenido expl\u00edcito, ofensivo o inapropiado en CamMatch.net. Esto incluye, entre otros, desnudos, im\u00e1genes o v\u00eddeos expl\u00edcitos, violencia gr\u00e1fica o incitaci\u00f3n al odio. Los usuarios que compartan este tipo de contenido ser\u00e1n expulsados de la plataforma.<\/p><h3>Proteja su intimidad<\/h3><p>Por tu seguridad, no compartas con otros usuarios informaci\u00f3n personal delicada, como tu nombre completo, direcci\u00f3n, n\u00famero de tel\u00e9fono o datos financieros. S\u00e9 prudente cuando hables de asuntos personales y recuerda que no todo el mundo en la plataforma puede tener tus mejores intereses en mente.<\/p><h3>Sin spam ni publicidad<\/h3><p>La promoci\u00f3n de productos, servicios o sitios web y el env\u00edo de spam o de mensajes no solicitados no est\u00e1n permitidos en CamMatch.net. Los usuarios que participen en tales actividades ser\u00e1n expulsados de la plataforma.<\/p><h3>No suplantaci\u00f3n<\/h3><p>Est\u00e1 estrictamente prohibido hacerse pasar por otra persona, ya sea usuario o miembro del personal de CamMatch.net. Los usuarios que suplanten la identidad de otros ser\u00e1n expulsados de la plataforma.<\/p><h3>Restricciones de edad<\/h3><p>CamMatch.net est\u00e1 dirigido a usuarios mayores de 13 a\u00f1os. Los usuarios menores de 13 a\u00f1os no est\u00e1n permitidos en la plataforma. Si te encuentras con un usuario que parece ser menor de edad, por favor rep\u00f3rtalo a nuestros moderadores.<\/p><h3>Denunciar una falta<\/h3><p>Si encuentras a alg\u00fan usuario que infrinja estas normas o tenga un comportamiento inapropiado, por favor, rep\u00f3rtalo inmediatamente a nuestros moderadores. Tus denuncias nos ayudan a mantener un entorno seguro y agradable para todos los usuarios.<\/p><p>La violaci\u00f3n de estas reglas puede dar lugar a advertencias, prohibiciones temporales o permanentes, u otras acciones a discreci\u00f3n de los moderadores y el personal de CamMatch.net. Nos reservamos el derecho de actualizar o modificar estas reglas en cualquier momento para mantener la seguridad y la integridad de nuestra plataforma. El uso continuado de CamMatch.net implica la aceptaci\u00f3n de cualquier cambio realizado en estas normas.<\/p><p>Gracias por formar parte de la comunidad de CamMatch.net y por contribuir a que sea un espacio seguro y agradable para todos.<\/p>\t\t\t\t\t\t\t\t<\/div>\n\t\t\t\t<\/div>\n\t\t\t\t\t<\/div>\n\t\t<\/div>\n\t\t\t\t\t<\/div>\n\t\t<\/section>\n\t\t\t\t<\/div>","protected":false},"excerpt":{"rendered":"<p>Reglas \u00a1Bienvenido a CamMatch.net! Nuestra plataforma est\u00e1 dise\u00f1ada para crear un ambiente seguro y agradable para que los usuarios participen en chats de video aleatorios con personas de todo el mundo. Para garantizar una experiencia positiva a todos los usuarios, hemos establecido una serie de normas que describen el comportamiento y la conducta aceptables en nuestra plataforma. Al acceder a [...]<\/p>","protected":false},"author":1,"featured_media":0,"parent":0,"menu_order":0,"comment_status":"closed","ping_status":"closed","template":"elementor_header_footer","meta":{"footnotes":""},"class_list":["post-51","page","type-page","status-publish","hentry"],"yoast_head":"<!-- This site is optimized with the Yoast SEO plugin v25.6 - https:\/\/yoast.com\/wordpress\/plugins\/seo\/ -->\n<title>Rules - CamMatch<\/title>\n<meta name=\"robots\" content=\"index, follow, max-snippet:-1, max-image-preview:large, max-video-preview:-1\" \/>\n<link rel=\"canonical\" href=\"https:\/\/cammatch.net\/es\/normas\/\" \/>\n<meta property=\"og:locale\" content=\"es_ES\" \/>\n<meta property=\"og:type\" content=\"article\" \/>\n<meta property=\"og:title\" content=\"Rules - CamMatch\" \/>\n<meta property=\"og:description\" content=\"Rules Welcome to CamMatch.net! Our platform is designed to create a safe and enjoyable environment for users to engage in random video chats with people from around the world. To ensure a positive experience for all users, we have established a set of rules that outline acceptable behavior and conduct on our platform. By accessing [&hellip;]\" \/>\n<meta property=\"og:url\" content=\"https:\/\/cammatch.net\/es\/normas\/\" \/>\n<meta property=\"og:site_name\" content=\"CamMatch\" \/>\n<meta property=\"article:modified_time\" content=\"2025-12-18T15:18:04+00:00\" \/>\n<meta property=\"og:image\" content=\"https:\/\/cammatch.net\/wp-content\/uploads\/2023\/05\/64731f1e55365.jpg\" \/>\n\t<meta property=\"og:image:width\" content=\"1024\" \/>\n\t<meta property=\"og:image:height\" content=\"683\" \/>\n\t<meta property=\"og:image:type\" content=\"image\/jpeg\" \/>\n<meta name=\"twitter:card\" content=\"summary_large_image\" \/>\n<meta name=\"twitter:label1\" content=\"Tiempo de lectura\" \/>\n\t<meta name=\"twitter:data1\" content=\"2 minutos\" \/>\n<script type=\"application\/ld+json\" class=\"yoast-schema-graph\">{\"@context\":\"https:\/\/schema.org\",\"@graph\":[{\"@type\":\"WebPage\",\"@id\":\"https:\/\/cammatch.net\/rules\/\",\"url\":\"https:\/\/cammatch.net\/rules\/\",\"name\":\"Rules - CamMatch\",\"isPartOf\":{\"@id\":\"https:\/\/cammatch.net\/#website\"},\"datePublished\":\"2025-12-17T18:18:08+00:00\",\"dateModified\":\"2025-12-18T15:18:04+00:00\",\"breadcrumb\":{\"@id\":\"https:\/\/cammatch.net\/rules\/#breadcrumb\"},\"inLanguage\":\"es\",\"potentialAction\":[{\"@type\":\"ReadAction\",\"target\":[\"https:\/\/cammatch.net\/rules\/\"]}]},{\"@type\":\"BreadcrumbList\",\"@id\":\"https:\/\/cammatch.net\/rules\/#breadcrumb\",\"itemListElement\":[{\"@type\":\"ListItem\",\"position\":1,\"name\":\"Home\",\"item\":\"https:\/\/cammatch.net\/\"},{\"@type\":\"ListItem\",\"position\":2,\"name\":\"Rules\"}]},{\"@type\":\"WebSite\",\"@id\":\"https:\/\/cammatch.net\/#website\",\"url\":\"https:\/\/cammatch.net\/\",\"name\":\"CamMatch\",\"description\":\"\",\"publisher\":{\"@id\":\"https:\/\/cammatch.net\/#organization\"},\"potentialAction\":[{\"@type\":\"SearchAction\",\"target\":{\"@type\":\"EntryPoint\",\"urlTemplate\":\"https:\/\/cammatch.net\/?s={search_term_string}\"},\"query-input\":{\"@type\":\"PropertyValueSpecification\",\"valueRequired\":true,\"valueName\":\"search_term_string\"}}],\"inLanguage\":\"es\"},{\"@type\":\"Organization\",\"@id\":\"https:\/\/cammatch.net\/#organization\",\"name\":\"LuckyCrush\",\"url\":\"https:\/\/cammatch.net\/\",\"logo\":{\"@type\":\"ImageObject\",\"inLanguage\":\"es\",\"@id\":\"https:\/\/cammatch.net\/#\/schema\/logo\/image\/\",\"url\":\"http:\/\/cammatch.net\/wp-content\/uploads\/2020\/04\/chats-favicon.jpg\",\"contentUrl\":\"http:\/\/cammatch.net\/wp-content\/uploads\/2020\/04\/chats-favicon.jpg\",\"width\":420,\"height\":420,\"caption\":\"LuckyCrush\"},\"image\":{\"@id\":\"https:\/\/cammatch.net\/#\/schema\/logo\/image\/\"}}]}<\/script>\n<!-- \/ Yoast SEO plugin. -->","yoast_head_json":{"title":"Rules - CamMatch","robots":{"index":"index","follow":"follow","max-snippet":"max-snippet:-1","max-image-preview":"max-image-preview:large","max-video-preview":"max-video-preview:-1"},"canonical":"https:\/\/cammatch.net\/es\/normas\/","og_locale":"es_ES","og_type":"article","og_title":"Rules - CamMatch","og_description":"Rules Welcome to CamMatch.net! Our platform is designed to create a safe and enjoyable environment for users to engage in random video chats with people from around the world. To ensure a positive experience for all users, we have established a set of rules that outline acceptable behavior and conduct on our platform. By accessing [&hellip;]","og_url":"https:\/\/cammatch.net\/es\/normas\/","og_site_name":"CamMatch","article_modified_time":"2025-12-18T15:18:04+00:00","og_image":[{"width":1024,"height":683,"url":"https:\/\/cammatch.net\/wp-content\/uploads\/2023\/05\/64731f1e55365.jpg","type":"image\/jpeg"}],"twitter_card":"summary_large_image","twitter_misc":{"Tiempo de lectura":"2 minutos"},"schema":{"@context":"https:\/\/schema.org","@graph":[{"@type":"WebPage","@id":"https:\/\/cammatch.net\/rules\/","url":"https:\/\/cammatch.net\/rules\/","name":"Rules - CamMatch","isPartOf":{"@id":"https:\/\/cammatch.net\/#website"},"datePublished":"2025-12-17T18:18:08+00:00","dateModified":"2025-12-18T15:18:04+00:00","breadcrumb":{"@id":"https:\/\/cammatch.net\/rules\/#breadcrumb"},"inLanguage":"es","potentialAction":[{"@type":"ReadAction","target":["https:\/\/cammatch.net\/rules\/"]}]},{"@type":"BreadcrumbList","@id":"https:\/\/cammatch.net\/rules\/#breadcrumb","itemListElement":[{"@type":"ListItem","position":1,"name":"Home","item":"https:\/\/cammatch.net\/"},{"@type":"ListItem","position":2,"name":"Rules"}]},{"@type":"WebSite","@id":"https:\/\/cammatch.net\/#website","url":"https:\/\/cammatch.net\/","name":"CamMatch","description":"","publisher":{"@id":"https:\/\/cammatch.net\/#organization"},"potentialAction":[{"@type":"SearchAction","target":{"@type":"EntryPoint","urlTemplate":"https:\/\/cammatch.net\/?s={search_term_string}"},"query-input":{"@type":"PropertyValueSpecification","valueRequired":true,"valueName":"search_term_string"}}],"inLanguage":"es"},{"@type":"Organization","@id":"https:\/\/cammatch.net\/#organization","name":"LuckyCrush","url":"https:\/\/cammatch.net\/","logo":{"@type":"ImageObject","inLanguage":"es","@id":"https:\/\/cammatch.net\/#\/schema\/logo\/image\/","url":"http:\/\/cammatch.net\/wp-content\/uploads\/2020\/04\/chats-favicon.jpg","contentUrl":"http:\/\/cammatch.net\/wp-content\/uploads\/2020\/04\/chats-favicon.jpg","width":420,"height":420,"caption":"LuckyCrush"},"image":{"@id":"https:\/\/cammatch.net\/#\/schema\/logo\/image\/"}}]}},"_links":{"self":[{"href":"https:\/\/cammatch.net\/es\/wp-json\/wp\/v2\/pages\/51"}],"collection":[{"href":"https:\/\/cammatch.net\/es\/wp-json\/wp\/v2\/pages"}],"about":[{"href":"https:\/\/cammatch.net\/es\/wp-json\/wp\/v2\/types\/page"}],"author":[{"embeddable":true,"href":"https:\/\/cammatch.net\/es\/wp-json\/wp\/v2\/users\/1"}],"replies":[{"embeddable":true,"href":"https:\/\/cammatch.net\/es\/wp-json\/wp\/v2\/comments?post=51"}],"version-history":[{"count":10,"href":"https:\/\/cammatch.net\/es\/wp-json\/wp\/v2\/pages\/51\/revisions"}],"predecessor-version":[{"id":2172,"href":"https:\/\/cammatch.net\/es\/wp-json\/wp\/v2\/pages\/51\/revisions\/2172"}],"wp:attachment":[{"href":"https:\/\/cammatch.net\/es\/wp-json\/wp\/v2\/media?parent=51"}],"curies":[{"name":"wp","href":"https:\/\/api.w.org\/{rel}","templated":true}]}}