{"id":48,"date":"2025-12-18T09:14:11","date_gmt":"2025-12-18T09:14:11","guid":{"rendered":"http:\/\/cammatch.net\/?page_id=48"},"modified":"2025-12-18T17:18:04","modified_gmt":"2025-12-18T15:18:04","slug":"terms","status":"publish","type":"page","link":"https:\/\/cammatch.net\/it\/termini\/","title":{"rendered":"Termini"},"content":{"rendered":"<div data-elementor-type=\"wp-page\" data-elementor-id=\"48\" class=\"elementor elementor-48\" data-elementor-post-type=\"page\">\n\t\t\t\t\t\t<section class=\"elementor-section elementor-top-section elementor-element elementor-element-aa602b1 elementor-section-boxed elementor-section-height-default elementor-section-height-default\" data-id=\"aa602b1\" data-element_type=\"section\" data-e-type=\"section\">\n\t\t\t\t\t\t<div class=\"elementor-container elementor-column-gap-default\">\n\t\t\t\t\t<div class=\"elementor-column elementor-col-100 elementor-top-column elementor-element elementor-element-deb4e48\" data-id=\"deb4e48\" data-element_type=\"column\" data-e-type=\"column\">\n\t\t\t<div class=\"elementor-widget-wrap elementor-element-populated\">\n\t\t\t\t\t\t<div class=\"elementor-element elementor-element-88330ff elementor-widget elementor-widget-heading\" data-id=\"88330ff\" data-element_type=\"widget\" data-e-type=\"widget\" data-widget_type=\"heading.default\">\n\t\t\t\t<div class=\"elementor-widget-container\">\n\t\t\t\t\t<h1 class=\"elementor-heading-title elementor-size-default\">Termini<\/h1>\t\t\t\t<\/div>\n\t\t\t\t<\/div>\n\t\t\t\t\t<\/div>\n\t\t<\/div>\n\t\t\t\t\t<\/div>\n\t\t<\/section>\n\t\t\t\t<section class=\"elementor-section elementor-top-section elementor-element elementor-element-e61e2e0 elementor-section-boxed elementor-section-height-default elementor-section-height-default\" data-id=\"e61e2e0\" data-element_type=\"section\" data-e-type=\"section\">\n\t\t\t\t\t\t<div class=\"elementor-container elementor-column-gap-default\">\n\t\t\t\t\t<div class=\"elementor-column elementor-col-100 elementor-top-column elementor-element elementor-element-edbd578\" data-id=\"edbd578\" data-element_type=\"column\" data-e-type=\"column\">\n\t\t\t<div class=\"elementor-widget-wrap elementor-element-populated\">\n\t\t\t\t\t\t<div class=\"elementor-element elementor-element-59fb3ca elementor-widget elementor-widget-text-editor\" data-id=\"59fb3ca\" data-element_type=\"widget\" data-e-type=\"widget\" data-widget_type=\"text-editor.default\">\n\t\t\t\t<div class=\"elementor-widget-container\">\n\t\t\t\t\t\t\t\t\t<p>Benvenuti su CamMatch.net! I presenti Termini di servizio (\"Termini\") regolano l'accesso e l'utilizzo del nostro sito web, dei servizi e delle applicazioni (collettivamente, i \"Servizi\"). Si prega di leggere attentamente i presenti Termini. Accedendo o utilizzando i nostri Servizi, l'utente accetta di essere vincolato da questi Termini e dalla nostra Informativa sulla privacy.<\/p><h3>Ammissibilit\u00e0<\/h3><p>Per accedere e utilizzare i nostri Servizi, \u00e8 necessario avere almeno 13 anni di et\u00e0. Utilizzando CamMatch.net, l'utente dichiara e garantisce di soddisfare i requisiti di et\u00e0 e di avere la capacit\u00e0 legale di sottoscrivere i presenti Termini. Se hai meno di 13 anni, non puoi utilizzare i nostri Servizi.<\/p><h3>Comportamento dell'utente<\/h3><p>L'utente \u00e8 l'unico responsabile della propria condotta durante l'utilizzo dei nostri Servizi. L'utente accetta di rispettare le nostre Regole di condotta, nonch\u00e9 tutte le leggi e i regolamenti locali, statali, nazionali e internazionali applicabili. Qualsiasi violazione dei presenti Termini o delle nostre Regole di condotta pu\u00f2 comportare la sospensione o la cessazione del vostro accesso ai nostri Servizi.<\/p><h3>Contenuto utente<\/h3><p>CamMatch.net pu\u00f2 consentire agli utenti di inviare, pubblicare o condividere contenuti, come testo, immagini o video (\"Contenuti dell'utente\"). L'utente mantiene la propriet\u00e0 dei propri Contenuti utente, ma ci concede una licenza mondiale, non esclusiva, esente da royalty, sublicenziabile e trasferibile per l'utilizzo, la riproduzione, la distribuzione, la creazione di opere derivate, la visualizzazione e l'esecuzione dei Contenuti utente in relazione ai nostri Servizi.<\/p><p>L'utente dichiara e garantisce di disporre dei diritti, delle licenze e dei permessi necessari per concedere la presente licenza e che il suo Contenuto utente non viola alcun diritto di terzi, compresi i diritti di propriet\u00e0 intellettuale, i diritti alla privacy o i diritti di pubblicit\u00e0.<\/p><h3>Propriet\u00e0 intellettuale<\/h3><p>Tutti i contenuti e i materiali presenti nei nostri Servizi, inclusi testi, grafica, loghi, icone, immagini e software, sono di propriet\u00e0 di CamMatch.net o dei suoi licenziatari e sono protetti da copyright, marchi e altre leggi sulla propriet\u00e0 intellettuale. L'utente non pu\u00f2 riprodurre, distribuire, modificare, creare opere derivate, mostrare pubblicamente o sfruttare commercialmente alcun contenuto o materiale dei nostri Servizi senza il nostro previo consenso scritto.<\/p><h3>Esclusione di garanzia<\/h3><p>I nostri Servizi sono forniti \"cos\u00ec come sono\" e \"come disponibili\" senza garanzie di alcun tipo, espresse o implicite, incluse, a titolo esemplificativo e non esaustivo, le garanzie implicite di commerciabilit\u00e0, idoneit\u00e0 per uno scopo particolare e non violazione. CamMatch.net non garantisce che i Servizi siano privi di errori, ininterrotti, sicuri o esenti da virus o altri componenti dannosi.<\/p><h3>Limitazione di responsabilit\u00e0<\/h3><p>In nessun caso CamMatch.net o i suoi affiliati, direttori, funzionari, dipendenti o agenti saranno responsabili per danni diretti, indiretti, incidentali, speciali, consequenziali o punitivi, inclusi, ma non limitati a, perdita di profitti, dati o avviamento, derivanti da o in connessione con l'accesso o l'uso dei nostri Servizi da parte dell'utente, anche se avvisato della possibilit\u00e0 di tali danni.<\/p><h3>Indennizzo<\/h3><p>L'utente accetta di indennizzare, difendere e tenere indenne CamMatch.net e i suoi affiliati, direttori, funzionari, dipendenti e agenti da e contro qualsiasi reclamo, responsabilit\u00e0, danno, perdita o spesa, comprese le ragionevoli spese legali, derivanti da o in connessione con l'accesso o l'uso dei nostri Servizi da parte dell'utente o la violazione di questi Termini.<\/p><h3>Terminazione<\/h3><p>Ci riserviamo il diritto, a nostra esclusiva discrezione, di sospendere o interrompere l'accesso dell'utente ai nostri Servizi in qualsiasi momento, con o senza preavviso, per qualsiasi motivo, inclusa, a titolo esemplificativo e non esaustivo, la violazione dei presenti Termini o delle nostre Regole di condotta.<\/p><h3>Modifiche ai presenti Termini<\/h3><p>Possiamo aggiornare o modificare le presenti Condizioni in qualsiasi momento, a nostra esclusiva discrezione. Notificheremo all'utente eventuali modifiche pubblicando<\/p><p>i Termini aggiornati sulla nostra piattaforma, insieme alla data dell'ultimo aggiornamento. L'uso continuato dei nostri Servizi dopo eventuali modifiche ai presenti Termini costituisce l'accettazione dei Termini aggiornati.<\/p><h3>Legge applicabile e giurisdizione<\/h3><p>I presenti Termini e qualsiasi controversia derivante da o in relazione ai presenti Termini o all'utilizzo dei nostri Servizi da parte dell'utente saranno disciplinati e interpretati in conformit\u00e0 alle leggi del Sudafrica. L'utente accetta di sottoporsi alla giurisdizione esclusiva dei tribunali del Sudafrica per la risoluzione di qualsiasi controversia derivante da o in relazione ai presenti Termini o all'uso dei nostri Servizi.<\/p><h3>Severit\u00e0<\/h3><p>Se una qualsiasi disposizione dei presenti Termini \u00e8 ritenuta non valida o non applicabile da un tribunale della giurisdizione competente, le restanti disposizioni dei presenti Termini rimarranno in vigore a tutti gli effetti.<\/p><h3>Rinuncia<\/h3><p>Nessuna rinuncia a qualsiasi disposizione dei presenti Termini sar\u00e0 considerata una rinuncia ulteriore o continua a tale disposizione o a qualsiasi altra disposizione, e la mancata rivendicazione da parte nostra di qualsiasi diritto o disposizione ai sensi dei presenti Termini non costituir\u00e0 una rinuncia a tale diritto o disposizione.<\/p><h3>Contatto<\/h3><p>In caso di domande o dubbi sui presenti Termini, si prega di contattarci tramite la nostra pagina di contatto.<\/p>\t\t\t\t\t\t\t\t<\/div>\n\t\t\t\t<\/div>\n\t\t\t\t\t<\/div>\n\t\t<\/div>\n\t\t\t\t\t<\/div>\n\t\t<\/section>\n\t\t\t\t<\/div>","protected":false},"excerpt":{"rendered":"<p>Termini e condizioni Benvenuti su CamMatch.net! I presenti Termini di servizio (\"Termini\") regolano l'accesso e l'utilizzo del nostro sito web, dei servizi e delle applicazioni (collettivamente, i \"Servizi\"). Si prega di leggere attentamente i presenti Termini. Accedendo o utilizzando i nostri Servizi, l'utente accetta di essere vincolato da questi Termini e dalla nostra Informativa sulla privacy. Ammissibilit\u00e0 Per accedere e utilizzare i nostri Servizi, l'utente [...]<\/p>","protected":false},"author":1,"featured_media":0,"parent":0,"menu_order":0,"comment_status":"closed","ping_status":"closed","template":"elementor_header_footer","meta":{"footnotes":""},"class_list":["post-48","page","type-page","status-publish","hentry"],"yoast_head":"<!-- This site is optimized with the Yoast SEO plugin v25.6 - https:\/\/yoast.com\/wordpress\/plugins\/seo\/ -->\n<title>Terms - CamMatch<\/title>\n<meta name=\"robots\" content=\"index, follow, max-snippet:-1, max-image-preview:large, max-video-preview:-1\" \/>\n<link rel=\"canonical\" href=\"https:\/\/cammatch.net\/it\/termini\/\" \/>\n<meta property=\"og:locale\" content=\"it_IT\" \/>\n<meta property=\"og:type\" content=\"article\" \/>\n<meta property=\"og:title\" content=\"Terms - CamMatch\" \/>\n<meta property=\"og:description\" content=\"Terms Welcome to CamMatch.net! These Terms of Service (&#8220;Terms&#8221;) govern your access to and use of our website, services, and applications (collectively, the &#8220;Services&#8221;). Please read these Terms carefully. By accessing or using our Services, you agree to be bound by these Terms and our Privacy Policy. Eligibility To access and use our Services, you [&hellip;]\" \/>\n<meta property=\"og:url\" content=\"https:\/\/cammatch.net\/it\/termini\/\" \/>\n<meta property=\"og:site_name\" content=\"CamMatch\" \/>\n<meta property=\"article:modified_time\" content=\"2025-12-18T15:18:04+00:00\" \/>\n<meta property=\"og:image\" content=\"https:\/\/cammatch.net\/wp-content\/uploads\/2023\/05\/64731f1e55365.jpg\" \/>\n\t<meta property=\"og:image:width\" content=\"1024\" \/>\n\t<meta property=\"og:image:height\" content=\"683\" \/>\n\t<meta property=\"og:image:type\" content=\"image\/jpeg\" \/>\n<meta name=\"twitter:card\" content=\"summary_large_image\" \/>\n<meta name=\"twitter:label1\" content=\"Tempo di lettura stimato\" \/>\n\t<meta name=\"twitter:data1\" content=\"4 minuti\" \/>\n<script type=\"application\/ld+json\" class=\"yoast-schema-graph\">{\"@context\":\"https:\/\/schema.org\",\"@graph\":[{\"@type\":\"WebPage\",\"@id\":\"https:\/\/cammatch.net\/terms\/\",\"url\":\"https:\/\/cammatch.net\/terms\/\",\"name\":\"Terms - CamMatch\",\"isPartOf\":{\"@id\":\"https:\/\/cammatch.net\/#website\"},\"datePublished\":\"2025-12-18T09:14:11+00:00\",\"dateModified\":\"2025-12-18T15:18:04+00:00\",\"breadcrumb\":{\"@id\":\"https:\/\/cammatch.net\/terms\/#breadcrumb\"},\"inLanguage\":\"it-IT\",\"potentialAction\":[{\"@type\":\"ReadAction\",\"target\":[\"https:\/\/cammatch.net\/terms\/\"]}]},{\"@type\":\"BreadcrumbList\",\"@id\":\"https:\/\/cammatch.net\/terms\/#breadcrumb\",\"itemListElement\":[{\"@type\":\"ListItem\",\"position\":1,\"name\":\"Home\",\"item\":\"https:\/\/cammatch.net\/\"},{\"@type\":\"ListItem\",\"position\":2,\"name\":\"Terms\"}]},{\"@type\":\"WebSite\",\"@id\":\"https:\/\/cammatch.net\/#website\",\"url\":\"https:\/\/cammatch.net\/\",\"name\":\"CamMatch\",\"description\":\"\",\"publisher\":{\"@id\":\"https:\/\/cammatch.net\/#organization\"},\"potentialAction\":[{\"@type\":\"SearchAction\",\"target\":{\"@type\":\"EntryPoint\",\"urlTemplate\":\"https:\/\/cammatch.net\/?s={search_term_string}\"},\"query-input\":{\"@type\":\"PropertyValueSpecification\",\"valueRequired\":true,\"valueName\":\"search_term_string\"}}],\"inLanguage\":\"it-IT\"},{\"@type\":\"Organization\",\"@id\":\"https:\/\/cammatch.net\/#organization\",\"name\":\"LuckyCrush\",\"url\":\"https:\/\/cammatch.net\/\",\"logo\":{\"@type\":\"ImageObject\",\"inLanguage\":\"it-IT\",\"@id\":\"https:\/\/cammatch.net\/#\/schema\/logo\/image\/\",\"url\":\"http:\/\/cammatch.net\/wp-content\/uploads\/2020\/04\/chats-favicon.jpg\",\"contentUrl\":\"http:\/\/cammatch.net\/wp-content\/uploads\/2020\/04\/chats-favicon.jpg\",\"width\":420,\"height\":420,\"caption\":\"LuckyCrush\"},\"image\":{\"@id\":\"https:\/\/cammatch.net\/#\/schema\/logo\/image\/\"}}]}<\/script>\n<!-- \/ Yoast SEO plugin. -->","yoast_head_json":{"title":"Terms - CamMatch","robots":{"index":"index","follow":"follow","max-snippet":"max-snippet:-1","max-image-preview":"max-image-preview:large","max-video-preview":"max-video-preview:-1"},"canonical":"https:\/\/cammatch.net\/it\/termini\/","og_locale":"it_IT","og_type":"article","og_title":"Terms - CamMatch","og_description":"Terms Welcome to CamMatch.net! These Terms of Service (&#8220;Terms&#8221;) govern your access to and use of our website, services, and applications (collectively, the &#8220;Services&#8221;). Please read these Terms carefully. By accessing or using our Services, you agree to be bound by these Terms and our Privacy Policy. Eligibility To access and use our Services, you [&hellip;]","og_url":"https:\/\/cammatch.net\/it\/termini\/","og_site_name":"CamMatch","article_modified_time":"2025-12-18T15:18:04+00:00","og_image":[{"width":1024,"height":683,"url":"https:\/\/cammatch.net\/wp-content\/uploads\/2023\/05\/64731f1e55365.jpg","type":"image\/jpeg"}],"twitter_card":"summary_large_image","twitter_misc":{"Tempo di lettura stimato":"4 minuti"},"schema":{"@context":"https:\/\/schema.org","@graph":[{"@type":"WebPage","@id":"https:\/\/cammatch.net\/terms\/","url":"https:\/\/cammatch.net\/terms\/","name":"Terms - CamMatch","isPartOf":{"@id":"https:\/\/cammatch.net\/#website"},"datePublished":"2025-12-18T09:14:11+00:00","dateModified":"2025-12-18T15:18:04+00:00","breadcrumb":{"@id":"https:\/\/cammatch.net\/terms\/#breadcrumb"},"inLanguage":"it-IT","potentialAction":[{"@type":"ReadAction","target":["https:\/\/cammatch.net\/terms\/"]}]},{"@type":"BreadcrumbList","@id":"https:\/\/cammatch.net\/terms\/#breadcrumb","itemListElement":[{"@type":"ListItem","position":1,"name":"Home","item":"https:\/\/cammatch.net\/"},{"@type":"ListItem","position":2,"name":"Terms"}]},{"@type":"WebSite","@id":"https:\/\/cammatch.net\/#website","url":"https:\/\/cammatch.net\/","name":"CamMatch","description":"","publisher":{"@id":"https:\/\/cammatch.net\/#organization"},"potentialAction":[{"@type":"SearchAction","target":{"@type":"EntryPoint","urlTemplate":"https:\/\/cammatch.net\/?s={search_term_string}"},"query-input":{"@type":"PropertyValueSpecification","valueRequired":true,"valueName":"search_term_string"}}],"inLanguage":"it-IT"},{"@type":"Organization","@id":"https:\/\/cammatch.net\/#organization","name":"LuckyCrush","url":"https:\/\/cammatch.net\/","logo":{"@type":"ImageObject","inLanguage":"it-IT","@id":"https:\/\/cammatch.net\/#\/schema\/logo\/image\/","url":"http:\/\/cammatch.net\/wp-content\/uploads\/2020\/04\/chats-favicon.jpg","contentUrl":"http:\/\/cammatch.net\/wp-content\/uploads\/2020\/04\/chats-favicon.jpg","width":420,"height":420,"caption":"LuckyCrush"},"image":{"@id":"https:\/\/cammatch.net\/#\/schema\/logo\/image\/"}}]}},"_links":{"self":[{"href":"https:\/\/cammatch.net\/it\/wp-json\/wp\/v2\/pages\/48"}],"collection":[{"href":"https:\/\/cammatch.net\/it\/wp-json\/wp\/v2\/pages"}],"about":[{"href":"https:\/\/cammatch.net\/it\/wp-json\/wp\/v2\/types\/page"}],"author":[{"embeddable":true,"href":"https:\/\/cammatch.net\/it\/wp-json\/wp\/v2\/users\/1"}],"replies":[{"embeddable":true,"href":"https:\/\/cammatch.net\/it\/wp-json\/wp\/v2\/comments?post=48"}],"version-history":[{"count":10,"href":"https:\/\/cammatch.net\/it\/wp-json\/wp\/v2\/pages\/48\/revisions"}],"predecessor-version":[{"id":2175,"href":"https:\/\/cammatch.net\/it\/wp-json\/wp\/v2\/pages\/48\/revisions\/2175"}],"wp:attachment":[{"href":"https:\/\/cammatch.net\/it\/wp-json\/wp\/v2\/media?parent=48"}],"curies":[{"name":"wp","href":"https:\/\/api.w.org\/{rel}","templated":true}]}}